{"id":3962,"date":"2021-01-22T14:39:24","date_gmt":"2021-01-22T14:39:24","guid":{"rendered":"https:\/\/hansalinn.ee\/romantikapakett\/"},"modified":"2026-01-23T13:15:17","modified_gmt":"2026-01-23T13:15:17","slug":"romantikapakett","status":"publish","type":"page","link":"https:\/\/hansalinn.ee\/fi\/romantikapakett\/","title":{"rendered":"Romantiikkapaketti"},"content":{"rendered":"\t\t<div data-elementor-type=\"wp-page\" data-elementor-id=\"3962\" class=\"elementor elementor-3962 elementor-3231\">\n\t\t\t\t\t\t<section class=\"elementor-section elementor-top-section elementor-element elementor-element-163ac776 elementor-section-stretched elementor-section-boxed elementor-section-height-default elementor-section-height-default\" data-id=\"163ac776\" data-element_type=\"section\" data-settings=\"{&quot;stretch_section&quot;:&quot;section-stretched&quot;,&quot;background_background&quot;:&quot;classic&quot;,&quot;shape_divider_bottom&quot;:&quot;split&quot;,&quot;shape_divider_bottom_negative&quot;:&quot;yes&quot;}\">\n\t\t\t\t\t\t\t<div class=\"elementor-background-overlay\"><\/div>\n\t\t\t\t\t\t<div class=\"elementor-shape elementor-shape-bottom\" data-negative=\"true\">\n\t\t\t<svg xmlns=\"http:\/\/www.w3.org\/2000\/svg\" viewBox=\"0 0 1000 20\" preserveAspectRatio=\"none\">\n\t<path class=\"elementor-shape-fill\" d=\"M519.8,0.2c-11,0-19.8,8.5-19.8,19c0-10.4-8.8-19-19.8-19L0,0v20h1000V0.2H519.8z\"\/>\n<\/svg>\t\t<\/div>\n\t\t\t\t\t<div class=\"elementor-container elementor-column-gap-default\">\n\t\t\t\t\t<div class=\"elementor-column elementor-col-100 elementor-top-column elementor-element elementor-element-4699b38\" data-id=\"4699b38\" data-element_type=\"column\">\n\t\t\t<div class=\"elementor-widget-wrap elementor-element-populated\">\n\t\t\t\t\t\t<section class=\"elementor-section elementor-inner-section elementor-element elementor-element-40f8a96c elementor-section-boxed elementor-section-height-default elementor-section-height-default\" data-id=\"40f8a96c\" data-element_type=\"section\">\n\t\t\t\t\t\t<div class=\"elementor-container elementor-column-gap-default\">\n\t\t\t\t\t<div class=\"elementor-column elementor-col-100 elementor-inner-column elementor-element elementor-element-2c1c74f0\" data-id=\"2c1c74f0\" data-element_type=\"column\">\n\t\t\t<div class=\"elementor-widget-wrap elementor-element-populated\">\n\t\t\t\t\t\t<div class=\"elementor-element elementor-element-4aa056a7 elementor-widget elementor-widget-heading\" data-id=\"4aa056a7\" data-element_type=\"widget\" data-widget_type=\"heading.default\">\n\t\t\t\t<div class=\"elementor-widget-container\">\n\t\t\t<h2 class=\"elementor-heading-title elementor-size-default\">Romantiikkapaketti<\/h2>\t\t<\/div>\n\t\t\t\t<\/div>\n\t\t\t\t<div class=\"elementor-element elementor-element-7cf933ba elementor-view-default elementor-widget elementor-widget-icon\" data-id=\"7cf933ba\" data-element_type=\"widget\" data-widget_type=\"icon.default\">\n\t\t\t\t<div class=\"elementor-widget-container\">\n\t\t\t\t\t<div class=\"elementor-icon-wrapper\">\n\t\t\t<div class=\"elementor-icon\">\n\t\t\t<i aria-hidden=\"true\" class=\" icon-decor2\"><\/i>\t\t\t<\/div>\n\t\t<\/div>\n\t\t\t\t<\/div>\n\t\t\t\t<\/div>\n\t\t\t\t<div class=\"elementor-element elementor-element-41b6d99 elementor-widget elementor-widget-text-editor\" data-id=\"41b6d99\" data-element_type=\"widget\" data-widget_type=\"text-editor.default\">\n\t\t\t\t<div class=\"elementor-widget-container\">\n\t\t\t\t\t\t\t<p style=\"font-weight: 400;\">Mietip\u00e4, milloin viimeksi vietit aikaa viihtyis\u00e4sti kumppanisi kanssa, kaukana arjen tohinasta. P\u00e4rnun keskustassa sijaitsevassa pieness\u00e4, viihtyis\u00e4ss\u00e4 ja yksityisess\u00e4 Hansalinn-hotellissa Teit\u00e4 odottavat porealtaalla varustettu juniorisviitti, k\u00e4sity\u00f6siideri, huoneeseen varattu lahja sek\u00e4 maistuva, l\u00e4mmin buffet-aamiainen. Viet\u00e4 nautinnollista aikaa yhdess\u00e4 kumppanisi kanssa, viihdy ja ker\u00e4\u00e4 l\u00e4htem\u00e4tt\u00f6mi\u00e4 muistoja.<\/p>\t\t\t\t\t\t<\/div>\n\t\t\t\t<\/div>\n\t\t\t\t\t<\/div>\n\t\t<\/div>\n\t\t\t\t\t<\/div>\n\t\t<\/section>\n\t\t\t\t\t<\/div>\n\t\t<\/div>\n\t\t\t\t\t<\/div>\n\t\t<\/section>\n\t\t\t\t<section class=\"elementor-section elementor-top-section elementor-element elementor-element-4ff7f275 elementor-section-stretched elementor-section-boxed elementor-section-height-default elementor-section-height-default\" data-id=\"4ff7f275\" data-element_type=\"section\" data-settings=\"{&quot;stretch_section&quot;:&quot;section-stretched&quot;,&quot;background_background&quot;:&quot;classic&quot;}\">\n\t\t\t\t\t\t<div class=\"elementor-container elementor-column-gap-default\">\n\t\t\t\t\t<div class=\"elementor-column elementor-col-50 elementor-top-column elementor-element elementor-element-726fc262\" data-id=\"726fc262\" data-element_type=\"column\">\n\t\t\t<div class=\"elementor-widget-wrap elementor-element-populated\">\n\t\t\t\t\t\t<div class=\"elementor-element elementor-element-44cca111 elementor-widget elementor-widget-heading\" data-id=\"44cca111\" data-element_type=\"widget\" data-widget_type=\"heading.default\">\n\t\t\t\t<div class=\"elementor-widget-container\">\n\t\t\t<h2 class=\"elementor-heading-title elementor-size-default\">Romantiikkapaketti<\/h2>\t\t<\/div>\n\t\t\t\t<\/div>\n\t\t\t\t<div class=\"elementor-element elementor-element-2748fa47 elementor-view-default elementor-widget elementor-widget-icon\" data-id=\"2748fa47\" data-element_type=\"widget\" data-widget_type=\"icon.default\">\n\t\t\t\t<div class=\"elementor-widget-container\">\n\t\t\t\t\t<div class=\"elementor-icon-wrapper\">\n\t\t\t<div class=\"elementor-icon elementor-animation-shrink\">\n\t\t\t<i aria-hidden=\"true\" class=\" icon-decor2\"><\/i>\t\t\t<\/div>\n\t\t<\/div>\n\t\t\t\t<\/div>\n\t\t\t\t<\/div>\n\t\t\t\t<div class=\"elementor-element elementor-element-3d1e7c6b elementor-icon-list--layout-traditional elementor-list-item-link-full_width elementor-widget elementor-widget-icon-list\" data-id=\"3d1e7c6b\" data-element_type=\"widget\" data-widget_type=\"icon-list.default\">\n\t\t\t\t<div class=\"elementor-widget-container\">\n\t\t\t\t\t<ul class=\"elementor-icon-list-items\">\n\t\t\t\t\t\t\t<li class=\"elementor-icon-list-item\">\n\t\t\t\t\t\t\t\t\t\t\t<span class=\"elementor-icon-list-icon\">\n\t\t\t\t\t\t\t<i aria-hidden=\"true\" class=\"fas fa-caret-right\"><\/i>\t\t\t\t\t\t<\/span>\n\t\t\t\t\t\t\t\t\t\t<span class=\"elementor-icon-list-text\">Ylellinen ja romanttinen kaikilla mukavuuksilla varustettu juniorisviitti, jossa on poreallas<\/span>\n\t\t\t\t\t\t\t\t\t<\/li>\n\t\t\t\t\t\t\t\t<li class=\"elementor-icon-list-item\">\n\t\t\t\t\t\t\t\t\t\t\t<span class=\"elementor-icon-list-icon\">\n\t\t\t\t\t\t\t<i aria-hidden=\"true\" class=\"fas fa-caret-right\"><\/i>\t\t\t\t\t\t<\/span>\n\t\t\t\t\t\t\t\t\t\t<span class=\"elementor-icon-list-text\">Maistuva, l\u00e4mmin buffet-aamiainen kahdelle<\/span>\n\t\t\t\t\t\t\t\t\t<\/li>\n\t\t\t\t\t\t\t\t<li class=\"elementor-icon-list-item\">\n\t\t\t\t\t\t\t\t\t\t\t<span class=\"elementor-icon-list-icon\">\n\t\t\t\t\t\t\t<i aria-hidden=\"true\" class=\"fas fa-caret-right\"><\/i>\t\t\t\t\t\t<\/span>\n\t\t\t\t\t\t\t\t\t\t<span class=\"elementor-icon-list-text\">Huoneessa odottavat k\u00e4sin valmistettu Jaanihanson siideri ja erityisesti Teille kahdelle valittu yll\u00e4tyslahja JOIK-tuotemerkilt\u00e4<\/span>\n\t\t\t\t\t\t\t\t\t<\/li>\n\t\t\t\t\t\t\t\t<li class=\"elementor-icon-list-item\">\n\t\t\t\t\t\t\t\t\t\t\t<span class=\"elementor-icon-list-icon\">\n\t\t\t\t\t\t\t<i aria-hidden=\"true\" class=\"fas fa-caret-right\"><\/i>\t\t\t\t\t\t<\/span>\n\t\t\t\t\t\t\t\t\t\t<span class=\"elementor-icon-list-text\">Aamutakit ja kylpytossut huoneessa<\/span>\n\t\t\t\t\t\t\t\t\t<\/li>\n\t\t\t\t\t\t\t\t<li class=\"elementor-icon-list-item\">\n\t\t\t\t\t\t\t\t\t\t\t<span class=\"elementor-icon-list-icon\">\n\t\t\t\t\t\t\t<i aria-hidden=\"true\" class=\"fas fa-caret-right\"><\/i>\t\t\t\t\t\t<\/span>\n\t\t\t\t\t\t\t\t\t\t<span class=\"elementor-icon-list-text\">Hinta alk. 149 \u20ac<\/span>\n\t\t\t\t\t\t\t\t\t<\/li>\n\t\t\t\t\t\t<\/ul>\n\t\t\t\t<\/div>\n\t\t\t\t<\/div>\n\t\t\t\t<div class=\"elementor-element elementor-element-6af22b01 elementor-widget elementor-widget-text-editor\" data-id=\"6af22b01\" data-element_type=\"widget\" data-widget_type=\"text-editor.default\">\n\t\t\t\t<div class=\"elementor-widget-container\">\n\t\t\t\t\t\t\t<p>Jotta pystymme tarjoamaan Teille parhaan mahdollisen el\u00e4myksen, varausmaksu on suoritettava 3 p\u00e4iv\u00e4\u00e4 ennen saapumista.<br \/><br \/>Tilausta ei voi peruuttaa eik\u00e4 muuttaa!<\/p>\t\t\t\t\t\t<\/div>\n\t\t\t\t<\/div>\n\t\t\t\t\t<\/div>\n\t\t<\/div>\n\t\t\t\t<div class=\"elementor-column elementor-col-50 elementor-top-column elementor-element elementor-element-2e759161\" data-id=\"2e759161\" data-element_type=\"column\">\n\t\t\t<div class=\"elementor-widget-wrap elementor-element-populated\">\n\t\t\t\t\t\t<div class=\"elementor-element elementor-element-df7d503 elementor-widget elementor-widget-image\" data-id=\"df7d503\" data-element_type=\"widget\" data-widget_type=\"image.default\">\n\t\t\t\t<div class=\"elementor-widget-container\">\n\t\t\t\t\t\t\t\t\t\t\t\t\t<img fetchpriority=\"high\" decoding=\"async\" width=\"640\" height=\"427\" src=\"https:\/\/hansalinn.ee\/wp-content\/uploads\/2021\/01\/10227eb4f5.jpg\" class=\"attachment-large size-large wp-image-3290\" alt=\"\" srcset=\"https:\/\/hansalinn.ee\/wp-content\/uploads\/2021\/01\/10227eb4f5.jpg 1000w, https:\/\/hansalinn.ee\/wp-content\/uploads\/2021\/01\/10227eb4f5-600x400.jpg 600w, https:\/\/hansalinn.ee\/wp-content\/uploads\/2021\/01\/10227eb4f5-300x200.jpg 300w, https:\/\/hansalinn.ee\/wp-content\/uploads\/2021\/01\/10227eb4f5-768x512.jpg 768w, https:\/\/hansalinn.ee\/wp-content\/uploads\/2021\/01\/10227eb4f5-844x563.jpg 844w, https:\/\/hansalinn.ee\/wp-content\/uploads\/2021\/01\/10227eb4f5-370x247.jpg 370w, https:\/\/hansalinn.ee\/wp-content\/uploads\/2021\/01\/10227eb4f5-358x239.jpg 358w, https:\/\/hansalinn.ee\/wp-content\/uploads\/2021\/01\/10227eb4f5-253x169.jpg 253w, https:\/\/hansalinn.ee\/wp-content\/uploads\/2021\/01\/10227eb4f5-472x315.jpg 472w, https:\/\/hansalinn.ee\/wp-content\/uploads\/2021\/01\/10227eb4f5-570x380.jpg 570w, https:\/\/hansalinn.ee\/wp-content\/uploads\/2021\/01\/10227eb4f5-145x97.jpg 145w, https:\/\/hansalinn.ee\/wp-content\/uploads\/2021\/01\/10227eb4f5-372x248.jpg 372w\" sizes=\"(max-width: 640px) 100vw, 640px\" \/>\t\t\t\t\t\t\t\t\t\t\t\t\t<\/div>\n\t\t\t\t<\/div>\n\t\t\t\t\t<\/div>\n\t\t<\/div>\n\t\t\t\t\t<\/div>\n\t\t<\/section>\n\t\t\t\t<\/div>\n\t\t","protected":false},"excerpt":{"rendered":"<p>Romantiikkapaketti Mietip\u00e4, milloin viimeksi vietit aikaa viihtyis\u00e4sti kumppanisi kanssa, kaukana arjen tohinasta. P\u00e4rnun keskustassa sijaitsevassa pieness\u00e4, viihtyis\u00e4ss\u00e4 ja yksityisess\u00e4 Hansalinn-hotellissa Teit\u00e4 odottavat porealtaalla varustettu juniorisviitti, k\u00e4sity\u00f6siideri, huoneeseen varattu lahja sek\u00e4 maistuva, l\u00e4mmin buffet-aamiainen. Viet\u00e4 nautinnollista aikaa yhdess\u00e4 kumppanisi kanssa, viihdy ja ker\u00e4\u00e4 l\u00e4htem\u00e4tt\u00f6mi\u00e4 muistoja. Romantiikkapaketti Ylellinen ja romanttinen kaikilla mukavuuksilla varustettu juniorisviitti, jossa on poreallas<\/p>\n","protected":false},"author":1,"featured_media":0,"parent":0,"menu_order":0,"comment_status":"closed","ping_status":"closed","template":"elementor_header_footer","meta":{"footnotes":""},"class_list":["post-3962","page","type-page","status-publish","hentry"],"yoast_head":"<!-- This site is optimized with the Yoast SEO plugin v24.0 - https:\/\/yoast.com\/wordpress\/plugins\/seo\/ -->\n<title>Romantiikkapaketti - Hansalinn<\/title>\n<meta name=\"robots\" content=\"index, follow, max-snippet:-1, max-image-preview:large, max-video-preview:-1\" \/>\n<link rel=\"canonical\" href=\"https:\/\/hansalinn.ee\/romantikapakett\/\" \/>\n<meta property=\"og:locale\" content=\"fi_FI\" \/>\n<meta property=\"og:type\" content=\"article\" \/>\n<meta property=\"og:title\" content=\"Romantiikkapaketti - Hansalinn\" \/>\n<meta property=\"og:description\" content=\"Romantiikkapaketti Mietip\u00e4, milloin viimeksi vietit aikaa viihtyis\u00e4sti kumppanisi kanssa, kaukana arjen tohinasta. P\u00e4rnun keskustassa sijaitsevassa pieness\u00e4, viihtyis\u00e4ss\u00e4 ja yksityisess\u00e4 Hansalinn-hotellissa Teit\u00e4 odottavat porealtaalla varustettu juniorisviitti, k\u00e4sity\u00f6siideri, huoneeseen varattu lahja sek\u00e4 maistuva, l\u00e4mmin buffet-aamiainen. Viet\u00e4 nautinnollista aikaa yhdess\u00e4 kumppanisi kanssa, viihdy ja ker\u00e4\u00e4 l\u00e4htem\u00e4tt\u00f6mi\u00e4 muistoja. Romantiikkapaketti Ylellinen ja romanttinen kaikilla mukavuuksilla varustettu juniorisviitti, jossa on poreallas\" \/>\n<meta property=\"og:url\" content=\"https:\/\/hansalinn.ee\/romantikapakett\/\" \/>\n<meta property=\"og:site_name\" content=\"Hansalinn\" \/>\n<meta property=\"article:modified_time\" content=\"2026-01-23T13:15:17+00:00\" \/>\n<meta property=\"og:image\" content=\"https:\/\/hansalinn.ee\/wp-content\/uploads\/2021\/01\/10227eb4f5.jpg\" \/>\n\t<meta property=\"og:image:width\" content=\"1000\" \/>\n\t<meta property=\"og:image:height\" content=\"667\" \/>\n\t<meta property=\"og:image:type\" content=\"image\/jpeg\" \/>\n<meta name=\"twitter:card\" content=\"summary_large_image\" \/>\n<meta name=\"twitter:label1\" content=\"Arvioitu lukuaika\" \/>\n\t<meta name=\"twitter:data1\" content=\"1 minuutti\" \/>\n<script type=\"application\/ld+json\" class=\"yoast-schema-graph\">{\"@context\":\"https:\/\/schema.org\",\"@graph\":[{\"@type\":\"WebPage\",\"@id\":\"https:\/\/hansalinn.ee\/romantikapakett\/\",\"url\":\"https:\/\/hansalinn.ee\/romantikapakett\/\",\"name\":\"Romantiikkapaketti - Hansalinn\",\"isPartOf\":{\"@id\":\"https:\/\/hansalinn.ee\/#website\"},\"primaryImageOfPage\":{\"@id\":\"https:\/\/hansalinn.ee\/romantikapakett\/#primaryimage\"},\"image\":{\"@id\":\"https:\/\/hansalinn.ee\/romantikapakett\/#primaryimage\"},\"thumbnailUrl\":\"https:\/\/hansalinn.ee\/wp-content\/uploads\/2021\/01\/10227eb4f5.jpg\",\"datePublished\":\"2021-01-22T14:39:24+00:00\",\"dateModified\":\"2026-01-23T13:15:17+00:00\",\"breadcrumb\":{\"@id\":\"https:\/\/hansalinn.ee\/romantikapakett\/#breadcrumb\"},\"inLanguage\":\"fi\",\"potentialAction\":[{\"@type\":\"ReadAction\",\"target\":[\"https:\/\/hansalinn.ee\/romantikapakett\/\"]}]},{\"@type\":\"ImageObject\",\"inLanguage\":\"fi\",\"@id\":\"https:\/\/hansalinn.ee\/romantikapakett\/#primaryimage\",\"url\":\"https:\/\/hansalinn.ee\/wp-content\/uploads\/2021\/01\/10227eb4f5.jpg\",\"contentUrl\":\"https:\/\/hansalinn.ee\/wp-content\/uploads\/2021\/01\/10227eb4f5.jpg\"},{\"@type\":\"BreadcrumbList\",\"@id\":\"https:\/\/hansalinn.ee\/romantikapakett\/#breadcrumb\",\"itemListElement\":[{\"@type\":\"ListItem\",\"position\":1,\"name\":\"Home\",\"item\":\"https:\/\/hansalinn.ee\/\"},{\"@type\":\"ListItem\",\"position\":2,\"name\":\"Romantiikkapaketti\"}]},{\"@type\":\"WebSite\",\"@id\":\"https:\/\/hansalinn.ee\/#website\",\"url\":\"https:\/\/hansalinn.ee\/\",\"name\":\"Hansalinn\",\"description\":\"Hotell P\u00e4rnu s\u00fcdames\",\"potentialAction\":[{\"@type\":\"SearchAction\",\"target\":{\"@type\":\"EntryPoint\",\"urlTemplate\":\"https:\/\/hansalinn.ee\/?s={search_term_string}\"},\"query-input\":{\"@type\":\"PropertyValueSpecification\",\"valueRequired\":true,\"valueName\":\"search_term_string\"}}],\"inLanguage\":\"fi\"}]}<\/script>\n<!-- \/ Yoast SEO plugin. -->","yoast_head_json":{"title":"Romantiikkapaketti - Hansalinn","robots":{"index":"index","follow":"follow","max-snippet":"max-snippet:-1","max-image-preview":"max-image-preview:large","max-video-preview":"max-video-preview:-1"},"canonical":"https:\/\/hansalinn.ee\/romantikapakett\/","og_locale":"fi_FI","og_type":"article","og_title":"Romantiikkapaketti - Hansalinn","og_description":"Romantiikkapaketti Mietip\u00e4, milloin viimeksi vietit aikaa viihtyis\u00e4sti kumppanisi kanssa, kaukana arjen tohinasta. P\u00e4rnun keskustassa sijaitsevassa pieness\u00e4, viihtyis\u00e4ss\u00e4 ja yksityisess\u00e4 Hansalinn-hotellissa Teit\u00e4 odottavat porealtaalla varustettu juniorisviitti, k\u00e4sity\u00f6siideri, huoneeseen varattu lahja sek\u00e4 maistuva, l\u00e4mmin buffet-aamiainen. Viet\u00e4 nautinnollista aikaa yhdess\u00e4 kumppanisi kanssa, viihdy ja ker\u00e4\u00e4 l\u00e4htem\u00e4tt\u00f6mi\u00e4 muistoja. Romantiikkapaketti Ylellinen ja romanttinen kaikilla mukavuuksilla varustettu juniorisviitti, jossa on poreallas","og_url":"https:\/\/hansalinn.ee\/romantikapakett\/","og_site_name":"Hansalinn","article_modified_time":"2026-01-23T13:15:17+00:00","og_image":[{"width":1000,"height":667,"url":"https:\/\/hansalinn.ee\/wp-content\/uploads\/2021\/01\/10227eb4f5.jpg","type":"image\/jpeg"}],"twitter_card":"summary_large_image","twitter_misc":{"Arvioitu lukuaika":"1 minuutti"},"schema":{"@context":"https:\/\/schema.org","@graph":[{"@type":"WebPage","@id":"https:\/\/hansalinn.ee\/romantikapakett\/","url":"https:\/\/hansalinn.ee\/romantikapakett\/","name":"Romantiikkapaketti - Hansalinn","isPartOf":{"@id":"https:\/\/hansalinn.ee\/#website"},"primaryImageOfPage":{"@id":"https:\/\/hansalinn.ee\/romantikapakett\/#primaryimage"},"image":{"@id":"https:\/\/hansalinn.ee\/romantikapakett\/#primaryimage"},"thumbnailUrl":"https:\/\/hansalinn.ee\/wp-content\/uploads\/2021\/01\/10227eb4f5.jpg","datePublished":"2021-01-22T14:39:24+00:00","dateModified":"2026-01-23T13:15:17+00:00","breadcrumb":{"@id":"https:\/\/hansalinn.ee\/romantikapakett\/#breadcrumb"},"inLanguage":"fi","potentialAction":[{"@type":"ReadAction","target":["https:\/\/hansalinn.ee\/romantikapakett\/"]}]},{"@type":"ImageObject","inLanguage":"fi","@id":"https:\/\/hansalinn.ee\/romantikapakett\/#primaryimage","url":"https:\/\/hansalinn.ee\/wp-content\/uploads\/2021\/01\/10227eb4f5.jpg","contentUrl":"https:\/\/hansalinn.ee\/wp-content\/uploads\/2021\/01\/10227eb4f5.jpg"},{"@type":"BreadcrumbList","@id":"https:\/\/hansalinn.ee\/romantikapakett\/#breadcrumb","itemListElement":[{"@type":"ListItem","position":1,"name":"Home","item":"https:\/\/hansalinn.ee\/"},{"@type":"ListItem","position":2,"name":"Romantiikkapaketti"}]},{"@type":"WebSite","@id":"https:\/\/hansalinn.ee\/#website","url":"https:\/\/hansalinn.ee\/","name":"Hansalinn","description":"Hotell P\u00e4rnu s\u00fcdames","potentialAction":[{"@type":"SearchAction","target":{"@type":"EntryPoint","urlTemplate":"https:\/\/hansalinn.ee\/?s={search_term_string}"},"query-input":{"@type":"PropertyValueSpecification","valueRequired":true,"valueName":"search_term_string"}}],"inLanguage":"fi"}]}},"_links":{"self":[{"href":"https:\/\/hansalinn.ee\/fi\/wp-json\/wp\/v2\/pages\/3962","targetHints":{"allow":["GET"]}}],"collection":[{"href":"https:\/\/hansalinn.ee\/fi\/wp-json\/wp\/v2\/pages"}],"about":[{"href":"https:\/\/hansalinn.ee\/fi\/wp-json\/wp\/v2\/types\/page"}],"author":[{"embeddable":true,"href":"https:\/\/hansalinn.ee\/fi\/wp-json\/wp\/v2\/users\/1"}],"replies":[{"embeddable":true,"href":"https:\/\/hansalinn.ee\/fi\/wp-json\/wp\/v2\/comments?post=3962"}],"version-history":[{"count":23,"href":"https:\/\/hansalinn.ee\/fi\/wp-json\/wp\/v2\/pages\/3962\/revisions"}],"predecessor-version":[{"id":5100,"href":"https:\/\/hansalinn.ee\/fi\/wp-json\/wp\/v2\/pages\/3962\/revisions\/5100"}],"wp:attachment":[{"href":"https:\/\/hansalinn.ee\/fi\/wp-json\/wp\/v2\/media?parent=3962"}],"curies":[{"name":"wp","href":"https:\/\/api.w.org\/{rel}","templated":true}]}}