{"id":3984,"date":"2021-01-29T15:16:38","date_gmt":"2021-01-29T15:16:38","guid":{"rendered":"https:\/\/hansalinn.ee\/saun\/"},"modified":"2023-04-27T09:42:53","modified_gmt":"2023-04-27T09:42:53","slug":"saun","status":"publish","type":"page","link":"https:\/\/hansalinn.ee\/fi\/saun\/","title":{"rendered":"Sauna"},"content":{"rendered":"\t\t<div data-elementor-type=\"wp-page\" data-elementor-id=\"3984\" class=\"elementor elementor-3984 elementor-3468\">\n\t\t\t\t\t\t<section class=\"elementor-section elementor-top-section elementor-element elementor-element-50eda8 elementor-section-stretched elementor-section-boxed elementor-section-height-default elementor-section-height-default\" data-id=\"50eda8\" data-element_type=\"section\" data-settings=\"{&quot;stretch_section&quot;:&quot;section-stretched&quot;,&quot;background_background&quot;:&quot;classic&quot;,&quot;shape_divider_bottom&quot;:&quot;split&quot;,&quot;shape_divider_bottom_negative&quot;:&quot;yes&quot;}\">\n\t\t\t\t\t\t\t<div class=\"elementor-background-overlay\"><\/div>\n\t\t\t\t\t\t<div class=\"elementor-shape elementor-shape-bottom\" data-negative=\"true\">\n\t\t\t<svg xmlns=\"http:\/\/www.w3.org\/2000\/svg\" viewBox=\"0 0 1000 20\" preserveAspectRatio=\"none\">\n\t<path class=\"elementor-shape-fill\" d=\"M519.8,0.2c-11,0-19.8,8.5-19.8,19c0-10.4-8.8-19-19.8-19L0,0v20h1000V0.2H519.8z\"\/>\n<\/svg>\t\t<\/div>\n\t\t\t\t\t<div class=\"elementor-container elementor-column-gap-default\">\n\t\t\t\t\t<div class=\"elementor-column elementor-col-100 elementor-top-column elementor-element elementor-element-386877bb\" data-id=\"386877bb\" data-element_type=\"column\">\n\t\t\t<div class=\"elementor-widget-wrap elementor-element-populated\">\n\t\t\t\t\t\t<section class=\"elementor-section elementor-inner-section elementor-element elementor-element-5e1f3518 elementor-section-boxed elementor-section-height-default elementor-section-height-default\" data-id=\"5e1f3518\" data-element_type=\"section\">\n\t\t\t\t\t\t<div class=\"elementor-container elementor-column-gap-default\">\n\t\t\t\t\t<div class=\"elementor-column elementor-col-100 elementor-inner-column elementor-element elementor-element-7ffeb7f9\" data-id=\"7ffeb7f9\" data-element_type=\"column\">\n\t\t\t<div class=\"elementor-widget-wrap elementor-element-populated\">\n\t\t\t\t\t\t<div class=\"elementor-element elementor-element-31e22f48 elementor-widget elementor-widget-heading\" data-id=\"31e22f48\" data-element_type=\"widget\" data-widget_type=\"heading.default\">\n\t\t\t\t<div class=\"elementor-widget-container\">\n\t\t\t<h2 class=\"elementor-heading-title elementor-size-default\">Sauna<\/h2>\t\t<\/div>\n\t\t\t\t<\/div>\n\t\t\t\t<div class=\"elementor-element elementor-element-718130a3 elementor-view-default elementor-widget elementor-widget-icon\" data-id=\"718130a3\" data-element_type=\"widget\" data-widget_type=\"icon.default\">\n\t\t\t\t<div class=\"elementor-widget-container\">\n\t\t\t\t\t<div class=\"elementor-icon-wrapper\">\n\t\t\t<div class=\"elementor-icon\">\n\t\t\t<i aria-hidden=\"true\" class=\" icon-decor2\"><\/i>\t\t\t<\/div>\n\t\t<\/div>\n\t\t\t\t<\/div>\n\t\t\t\t<\/div>\n\t\t\t\t<div class=\"elementor-element elementor-element-654fdae0 elementor-widget elementor-widget-text-editor\" data-id=\"654fdae0\" data-element_type=\"widget\" data-widget_type=\"text-editor.default\">\n\t\t\t\t<div class=\"elementor-widget-container\">\n\t\t\t\t\t\t\t<p>Hotelli Hansalinnin saunaan mahtuu enint\u00e4\u00e4n 6 henke\u00e4, mutta luonnollisesti my\u00f6s sit\u00e4 pienemm\u00e4t seurueet ovat tervetulleita saunomaan.<br \/>Vieraita odottaa viihtyis\u00e4 suomalainen sauna. Saunan eteisess\u00e4 voi rentoutua takkatulen \u00e4\u00e4ress\u00e4 ja kuunnella miellytt\u00e4v\u00e4\u00e4 musiikkia.<\/p>\t\t\t\t\t\t<\/div>\n\t\t\t\t<\/div>\n\t\t\t\t\t<\/div>\n\t\t<\/div>\n\t\t\t\t\t<\/div>\n\t\t<\/section>\n\t\t\t\t\t<\/div>\n\t\t<\/div>\n\t\t\t\t\t<\/div>\n\t\t<\/section>\n\t\t\t\t<section class=\"elementor-section elementor-top-section elementor-element elementor-element-0618533 elementor-section-stretched elementor-section-boxed elementor-section-height-default elementor-section-height-default\" data-id=\"0618533\" data-element_type=\"section\" data-settings=\"{&quot;stretch_section&quot;:&quot;section-stretched&quot;,&quot;background_background&quot;:&quot;classic&quot;}\">\n\t\t\t\t\t\t<div class=\"elementor-container elementor-column-gap-default\">\n\t\t\t\t\t<div class=\"elementor-column elementor-col-50 elementor-top-column elementor-element elementor-element-482ed3d\" data-id=\"482ed3d\" data-element_type=\"column\">\n\t\t\t<div class=\"elementor-widget-wrap elementor-element-populated\">\n\t\t\t\t\t\t<div class=\"elementor-element elementor-element-83e85fd elementor-widget elementor-widget-text-editor\" data-id=\"83e85fd\" data-element_type=\"widget\" data-widget_type=\"text-editor.default\">\n\t\t\t\t<div class=\"elementor-widget-container\">\n\t\t\t\t\t\t\t<p>Sauna tulee tilata v\u00e4hint\u00e4\u00e4n 2 tuntia etuk\u00e4teen. Saunan hinta 60 euron tunti.\u00a0<\/p><p>Telefon: +372 507 0672<br \/>E-mail:\u00a0<a>info@hansalinn.ee<\/a><\/p>\t\t\t\t\t\t<\/div>\n\t\t\t\t<\/div>\n\t\t\t\t\t<\/div>\n\t\t<\/div>\n\t\t\t\t<div class=\"elementor-column elementor-col-50 elementor-top-column elementor-element elementor-element-a6c9088\" data-id=\"a6c9088\" data-element_type=\"column\">\n\t\t\t<div class=\"elementor-widget-wrap elementor-element-populated\">\n\t\t\t\t\t\t<div class=\"elementor-element elementor-element-cfc98ce elementor-widget elementor-widget-image-carousel\" data-id=\"cfc98ce\" data-element_type=\"widget\" data-settings=\"{&quot;slides_to_show&quot;:&quot;1&quot;,&quot;navigation&quot;:&quot;none&quot;,&quot;autoplay&quot;:&quot;yes&quot;,&quot;pause_on_hover&quot;:&quot;yes&quot;,&quot;pause_on_interaction&quot;:&quot;yes&quot;,&quot;autoplay_speed&quot;:5000,&quot;infinite&quot;:&quot;yes&quot;,&quot;effect&quot;:&quot;slide&quot;,&quot;speed&quot;:500}\" data-widget_type=\"image-carousel.default\">\n\t\t\t\t<div class=\"elementor-widget-container\">\n\t\t\t\t\t<div class=\"elementor-image-carousel-wrapper swiper\" dir=\"ltr\">\n\t\t\t<div class=\"elementor-image-carousel swiper-wrapper swiper-image-stretch\" aria-live=\"off\">\n\t\t\t\t\t\t\t\t<div class=\"swiper-slide\" role=\"group\" aria-roledescription=\"slide\" aria-label=\"1 of 3\"><a data-elementor-open-lightbox=\"yes\" data-elementor-lightbox-slideshow=\"cfc98ce\" data-elementor-lightbox-title=\"hansalinn-86\" data-e-action-hash=\"#elementor-action%3Aaction%3Dlightbox%26settings%3DeyJpZCI6Mzc0OSwidXJsIjoiaHR0cHM6XC9cL2hhbnNhbGlubi5lZVwvd3AtY29udGVudFwvdXBsb2Fkc1wvMjAyMVwvMDJcL2hhbnNhbGlubi04Ni0xLmpwZyIsInNsaWRlc2hvdyI6ImNmYzk4Y2UifQ%3D%3D\" href=\"https:\/\/hansalinn.ee\/wp-content\/uploads\/2021\/02\/hansalinn-86-1.jpg\"><figure class=\"swiper-slide-inner\"><img decoding=\"async\" class=\"swiper-slide-image\" src=\"https:\/\/hansalinn.ee\/wp-content\/uploads\/2021\/02\/hansalinn-86-1-1536x1025.jpg\" alt=\"hansalinn-86\" \/><\/figure><\/a><\/div><div class=\"swiper-slide\" role=\"group\" aria-roledescription=\"slide\" aria-label=\"2 of 3\"><a data-elementor-open-lightbox=\"yes\" data-elementor-lightbox-slideshow=\"cfc98ce\" data-elementor-lightbox-title=\"hansalinn-84\" data-e-action-hash=\"#elementor-action%3Aaction%3Dlightbox%26settings%3DeyJpZCI6Mzc0NywidXJsIjoiaHR0cHM6XC9cL2hhbnNhbGlubi5lZVwvd3AtY29udGVudFwvdXBsb2Fkc1wvMjAyMVwvMDJcL2hhbnNhbGlubi04NC0xLmpwZyIsInNsaWRlc2hvdyI6ImNmYzk4Y2UifQ%3D%3D\" href=\"https:\/\/hansalinn.ee\/wp-content\/uploads\/2021\/02\/hansalinn-84-1.jpg\"><figure class=\"swiper-slide-inner\"><img decoding=\"async\" class=\"swiper-slide-image\" src=\"https:\/\/hansalinn.ee\/wp-content\/uploads\/2021\/02\/hansalinn-84-1-1536x1025.jpg\" alt=\"hansalinn-84\" \/><\/figure><\/a><\/div><div class=\"swiper-slide\" role=\"group\" aria-roledescription=\"slide\" aria-label=\"3 of 3\"><a data-elementor-open-lightbox=\"yes\" data-elementor-lightbox-slideshow=\"cfc98ce\" data-elementor-lightbox-title=\"hansalinn-85\" data-e-action-hash=\"#elementor-action%3Aaction%3Dlightbox%26settings%3DeyJpZCI6Mzc0OCwidXJsIjoiaHR0cHM6XC9cL2hhbnNhbGlubi5lZVwvd3AtY29udGVudFwvdXBsb2Fkc1wvMjAyMVwvMDJcL2hhbnNhbGlubi04NS0xLmpwZyIsInNsaWRlc2hvdyI6ImNmYzk4Y2UifQ%3D%3D\" href=\"https:\/\/hansalinn.ee\/wp-content\/uploads\/2021\/02\/hansalinn-85-1.jpg\"><figure class=\"swiper-slide-inner\"><img decoding=\"async\" class=\"swiper-slide-image\" src=\"https:\/\/hansalinn.ee\/wp-content\/uploads\/2021\/02\/hansalinn-85-1-1536x1025.jpg\" alt=\"hansalinn-85\" \/><\/figure><\/a><\/div>\t\t\t<\/div>\n\t\t\t\t\t\t\t\n\t\t\t\t\t\t\t\t\t<\/div>\n\t\t\t\t<\/div>\n\t\t\t\t<\/div>\n\t\t\t\t\t<\/div>\n\t\t<\/div>\n\t\t\t\t\t<\/div>\n\t\t<\/section>\n\t\t\t\t<\/div>\n\t\t","protected":false},"excerpt":{"rendered":"<p>Sauna Hotelli Hansalinnin saunaan mahtuu enint\u00e4\u00e4n 6 henke\u00e4, mutta luonnollisesti my\u00f6s sit\u00e4 pienemm\u00e4t seurueet ovat tervetulleita saunomaan.Vieraita odottaa viihtyis\u00e4 suomalainen sauna. Saunan eteisess\u00e4 voi rentoutua takkatulen \u00e4\u00e4ress\u00e4 ja kuunnella miellytt\u00e4v\u00e4\u00e4 musiikkia. Sauna tulee tilata v\u00e4hint\u00e4\u00e4n 2 tuntia etuk\u00e4teen. Saunan hinta 60 euron tunti.\u00a0 Telefon: +372 507 0672E-mail:\u00a0info@hansalinn.ee<\/p>\n","protected":false},"author":1,"featured_media":0,"parent":0,"menu_order":0,"comment_status":"closed","ping_status":"closed","template":"elementor_header_footer","meta":{"footnotes":""},"class_list":["post-3984","page","type-page","status-publish","hentry"],"yoast_head":"<!-- This site is optimized with the Yoast SEO plugin v24.0 - https:\/\/yoast.com\/wordpress\/plugins\/seo\/ -->\n<title>Sauna - Hansalinn<\/title>\n<meta name=\"robots\" content=\"index, follow, max-snippet:-1, max-image-preview:large, max-video-preview:-1\" \/>\n<link rel=\"canonical\" href=\"https:\/\/hansalinn.ee\/fi\/saun\/\" \/>\n<meta property=\"og:locale\" content=\"fi_FI\" \/>\n<meta property=\"og:type\" content=\"article\" \/>\n<meta property=\"og:title\" content=\"Sauna - Hansalinn\" \/>\n<meta property=\"og:description\" content=\"Sauna Hotelli Hansalinnin saunaan mahtuu enint\u00e4\u00e4n 6 henke\u00e4, mutta luonnollisesti my\u00f6s sit\u00e4 pienemm\u00e4t seurueet ovat tervetulleita saunomaan.Vieraita odottaa viihtyis\u00e4 suomalainen sauna. Saunan eteisess\u00e4 voi rentoutua takkatulen \u00e4\u00e4ress\u00e4 ja kuunnella miellytt\u00e4v\u00e4\u00e4 musiikkia. Sauna tulee tilata v\u00e4hint\u00e4\u00e4n 2 tuntia etuk\u00e4teen. Saunan hinta 60 euron tunti.\u00a0 Telefon: +372 507 0672E-mail:\u00a0info@hansalinn.ee\" \/>\n<meta property=\"og:url\" content=\"https:\/\/hansalinn.ee\/fi\/saun\/\" \/>\n<meta property=\"og:site_name\" content=\"Hansalinn\" \/>\n<meta property=\"article:modified_time\" content=\"2023-04-27T09:42:53+00:00\" \/>\n<meta property=\"og:image\" content=\"https:\/\/hansalinn.ee\/wp-content\/uploads\/2021\/02\/hansalinn-86-1-1536x1025.jpg\" \/>\n<meta name=\"twitter:card\" content=\"summary_large_image\" \/>\n<meta name=\"twitter:label1\" content=\"Arvioitu lukuaika\" \/>\n\t<meta name=\"twitter:data1\" content=\"2 minuuttia\" \/>\n<script type=\"application\/ld+json\" class=\"yoast-schema-graph\">{\"@context\":\"https:\/\/schema.org\",\"@graph\":[{\"@type\":\"WebPage\",\"@id\":\"https:\/\/hansalinn.ee\/fi\/saun\/\",\"url\":\"https:\/\/hansalinn.ee\/fi\/saun\/\",\"name\":\"Sauna - Hansalinn\",\"isPartOf\":{\"@id\":\"https:\/\/hansalinn.ee\/#website\"},\"primaryImageOfPage\":{\"@id\":\"https:\/\/hansalinn.ee\/fi\/saun\/#primaryimage\"},\"image\":{\"@id\":\"https:\/\/hansalinn.ee\/fi\/saun\/#primaryimage\"},\"thumbnailUrl\":\"https:\/\/hansalinn.ee\/wp-content\/uploads\/2021\/02\/hansalinn-86-1-1536x1025.jpg\",\"datePublished\":\"2021-01-29T15:16:38+00:00\",\"dateModified\":\"2023-04-27T09:42:53+00:00\",\"breadcrumb\":{\"@id\":\"https:\/\/hansalinn.ee\/fi\/saun\/#breadcrumb\"},\"inLanguage\":\"fi\",\"potentialAction\":[{\"@type\":\"ReadAction\",\"target\":[\"https:\/\/hansalinn.ee\/fi\/saun\/\"]}]},{\"@type\":\"ImageObject\",\"inLanguage\":\"fi\",\"@id\":\"https:\/\/hansalinn.ee\/fi\/saun\/#primaryimage\",\"url\":\"https:\/\/hansalinn.ee\/wp-content\/uploads\/2021\/02\/hansalinn-86-1-1536x1025.jpg\",\"contentUrl\":\"https:\/\/hansalinn.ee\/wp-content\/uploads\/2021\/02\/hansalinn-86-1-1536x1025.jpg\"},{\"@type\":\"BreadcrumbList\",\"@id\":\"https:\/\/hansalinn.ee\/fi\/saun\/#breadcrumb\",\"itemListElement\":[{\"@type\":\"ListItem\",\"position\":1,\"name\":\"Home\",\"item\":\"https:\/\/hansalinn.ee\/\"},{\"@type\":\"ListItem\",\"position\":2,\"name\":\"Sauna\"}]},{\"@type\":\"WebSite\",\"@id\":\"https:\/\/hansalinn.ee\/#website\",\"url\":\"https:\/\/hansalinn.ee\/\",\"name\":\"Hansalinn\",\"description\":\"Hotell P\u00e4rnu s\u00fcdames\",\"potentialAction\":[{\"@type\":\"SearchAction\",\"target\":{\"@type\":\"EntryPoint\",\"urlTemplate\":\"https:\/\/hansalinn.ee\/?s={search_term_string}\"},\"query-input\":{\"@type\":\"PropertyValueSpecification\",\"valueRequired\":true,\"valueName\":\"search_term_string\"}}],\"inLanguage\":\"fi\"}]}<\/script>\n<!-- \/ Yoast SEO plugin. -->","yoast_head_json":{"title":"Sauna - Hansalinn","robots":{"index":"index","follow":"follow","max-snippet":"max-snippet:-1","max-image-preview":"max-image-preview:large","max-video-preview":"max-video-preview:-1"},"canonical":"https:\/\/hansalinn.ee\/fi\/saun\/","og_locale":"fi_FI","og_type":"article","og_title":"Sauna - Hansalinn","og_description":"Sauna Hotelli Hansalinnin saunaan mahtuu enint\u00e4\u00e4n 6 henke\u00e4, mutta luonnollisesti my\u00f6s sit\u00e4 pienemm\u00e4t seurueet ovat tervetulleita saunomaan.Vieraita odottaa viihtyis\u00e4 suomalainen sauna. Saunan eteisess\u00e4 voi rentoutua takkatulen \u00e4\u00e4ress\u00e4 ja kuunnella miellytt\u00e4v\u00e4\u00e4 musiikkia. Sauna tulee tilata v\u00e4hint\u00e4\u00e4n 2 tuntia etuk\u00e4teen. Saunan hinta 60 euron tunti.\u00a0 Telefon: +372 507 0672E-mail:\u00a0info@hansalinn.ee","og_url":"https:\/\/hansalinn.ee\/fi\/saun\/","og_site_name":"Hansalinn","article_modified_time":"2023-04-27T09:42:53+00:00","og_image":[{"url":"https:\/\/hansalinn.ee\/wp-content\/uploads\/2021\/02\/hansalinn-86-1-1536x1025.jpg","type":"","width":"","height":""}],"twitter_card":"summary_large_image","twitter_misc":{"Arvioitu lukuaika":"2 minuuttia"},"schema":{"@context":"https:\/\/schema.org","@graph":[{"@type":"WebPage","@id":"https:\/\/hansalinn.ee\/fi\/saun\/","url":"https:\/\/hansalinn.ee\/fi\/saun\/","name":"Sauna - Hansalinn","isPartOf":{"@id":"https:\/\/hansalinn.ee\/#website"},"primaryImageOfPage":{"@id":"https:\/\/hansalinn.ee\/fi\/saun\/#primaryimage"},"image":{"@id":"https:\/\/hansalinn.ee\/fi\/saun\/#primaryimage"},"thumbnailUrl":"https:\/\/hansalinn.ee\/wp-content\/uploads\/2021\/02\/hansalinn-86-1-1536x1025.jpg","datePublished":"2021-01-29T15:16:38+00:00","dateModified":"2023-04-27T09:42:53+00:00","breadcrumb":{"@id":"https:\/\/hansalinn.ee\/fi\/saun\/#breadcrumb"},"inLanguage":"fi","potentialAction":[{"@type":"ReadAction","target":["https:\/\/hansalinn.ee\/fi\/saun\/"]}]},{"@type":"ImageObject","inLanguage":"fi","@id":"https:\/\/hansalinn.ee\/fi\/saun\/#primaryimage","url":"https:\/\/hansalinn.ee\/wp-content\/uploads\/2021\/02\/hansalinn-86-1-1536x1025.jpg","contentUrl":"https:\/\/hansalinn.ee\/wp-content\/uploads\/2021\/02\/hansalinn-86-1-1536x1025.jpg"},{"@type":"BreadcrumbList","@id":"https:\/\/hansalinn.ee\/fi\/saun\/#breadcrumb","itemListElement":[{"@type":"ListItem","position":1,"name":"Home","item":"https:\/\/hansalinn.ee\/"},{"@type":"ListItem","position":2,"name":"Sauna"}]},{"@type":"WebSite","@id":"https:\/\/hansalinn.ee\/#website","url":"https:\/\/hansalinn.ee\/","name":"Hansalinn","description":"Hotell P\u00e4rnu s\u00fcdames","potentialAction":[{"@type":"SearchAction","target":{"@type":"EntryPoint","urlTemplate":"https:\/\/hansalinn.ee\/?s={search_term_string}"},"query-input":{"@type":"PropertyValueSpecification","valueRequired":true,"valueName":"search_term_string"}}],"inLanguage":"fi"}]}},"_links":{"self":[{"href":"https:\/\/hansalinn.ee\/fi\/wp-json\/wp\/v2\/pages\/3984","targetHints":{"allow":["GET"]}}],"collection":[{"href":"https:\/\/hansalinn.ee\/fi\/wp-json\/wp\/v2\/pages"}],"about":[{"href":"https:\/\/hansalinn.ee\/fi\/wp-json\/wp\/v2\/types\/page"}],"author":[{"embeddable":true,"href":"https:\/\/hansalinn.ee\/fi\/wp-json\/wp\/v2\/users\/1"}],"replies":[{"embeddable":true,"href":"https:\/\/hansalinn.ee\/fi\/wp-json\/wp\/v2\/comments?post=3984"}],"version-history":[{"count":14,"href":"https:\/\/hansalinn.ee\/fi\/wp-json\/wp\/v2\/pages\/3984\/revisions"}],"predecessor-version":[{"id":4624,"href":"https:\/\/hansalinn.ee\/fi\/wp-json\/wp\/v2\/pages\/3984\/revisions\/4624"}],"wp:attachment":[{"href":"https:\/\/hansalinn.ee\/fi\/wp-json\/wp\/v2\/media?parent=3984"}],"curies":[{"name":"wp","href":"https:\/\/api.w.org\/{rel}","templated":true}]}}